{"id":5593,"date":"2022-01-25T17:36:26","date_gmt":"2022-01-25T16:36:26","guid":{"rendered":"https:\/\/www.cocon-kids.com\/jobverteiler\/"},"modified":"2022-03-08T11:05:30","modified_gmt":"2022-03-08T10:05:30","slug":"job-distributor","status":"publish","type":"page","link":"https:\/\/www.cocon-kids.com\/en\/job-distributor\/","title":{"rendered":"Job Distributor"},"content":{"rendered":"<p>[et_pb_section fb_built=&#8221;1&#8243; fullwidth=&#8221;on&#8221; _builder_version=&#8221;4.14.6&#8243; _module_preset=&#8221;default&#8221; global_colors_info=&#8221;{}&#8221;][et_pb_fullwidth_image src=&#8221;https:\/\/www.cocon-kids.com\/wp-content\/uploads\/2022\/01\/slider_kontakt2_cocon.jpg&#8221; title_text=&#8221;slider_kontakt2_cocon&#8221; _builder_version=&#8221;4.14.6&#8243; _module_preset=&#8221;default&#8221; global_colors_info=&#8221;{}&#8221;][\/et_pb_fullwidth_image][\/et_pb_section][et_pb_section fb_built=&#8221;1&#8243; _builder_version=&#8221;4.14.6&#8243; _module_preset=&#8221;default&#8221; global_colors_info=&#8221;{}&#8221;][et_pb_row _builder_version=&#8221;4.14.6&#8243; _module_preset=&#8221;default&#8221; global_colors_info=&#8221;{}&#8221;][et_pb_column type=&#8221;4_4&#8243; _builder_version=&#8221;4.14.6&#8243; _module_preset=&#8221;default&#8221; global_colors_info=&#8221;{}&#8221;][et_pb_text _builder_version=&#8221;4.14.7&#8243; _module_preset=&#8221;default&#8221; text_font=&#8221;|300|||||||&#8221; text_text_color=&#8221;gcid-98275a9b-fe46-4fd3-8614-befde7b662a7&#8243; text_letter_spacing=&#8221;3px&#8221; header_2_font_size=&#8221;17px&#8221; custom_margin=&#8221;||20px||false|false&#8221; global_colors_info=&#8221;{%22gcid-98275a9b-fe46-4fd3-8614-befde7b662a7%22:%91%22text_text_color%22%93}&#8221;]cocon &#8211; here you are at home[\/et_pb_text][et_pb_text _builder_version=&#8221;4.14.7&#8243; _module_preset=&#8221;default&#8221; header_font=&#8221;|700|||||||&#8221; header_text_color=&#8221;gcid-931181c0-9fd1-4e0c-93d4-21f2c104f51b&#8221; header_font_size=&#8221;40px&#8221; header_3_font=&#8221;|600|||||||&#8221; header_3_text_color=&#8221;gcid-931181c0-9fd1-4e0c-93d4-21f2c104f51b&#8221; header_3_font_size=&#8221;40px&#8221; global_colors_info=&#8221;{%22gcid-931181c0-9fd1-4e0c-93d4-21f2c104f51b%22:%91%22header_3_text_color%22,%22header_text_color%22%93}&#8221;]<\/p>\n<div class=\"row\">\n<div class=\"col\">\n<h1>cocon \u2013 Job distributor<\/h1>\n<\/div>\n<\/div>\n<p>[\/et_pb_text][et_pb_text _builder_version=&#8221;4.14.7&#8243; _module_preset=&#8221;default&#8221; text_line_height=&#8221;1.5em&#8221; global_colors_info=&#8221;{}&#8221;]<strong>Stay informed &#8211; join our job distribution list for cocon jobs:<\/strong>:<\/p>\n<p>As a member of our job distribution list, we will inform you about vacancies in the cocon day care centres. You yourself choose which job offers you would like to be informed about (multiple selection possible).[\/et_pb_text][\/et_pb_column][\/et_pb_row][et_pb_row _builder_version=&#8221;4.14.7&#8243; _module_preset=&#8221;default&#8221; global_colors_info=&#8221;{}&#8221;][et_pb_column type=&#8221;4_4&#8243; _builder_version=&#8221;4.14.7&#8243; _module_preset=&#8221;default&#8221; global_colors_info=&#8221;{}&#8221;][et_pb_text _builder_version=&#8221;4.14.7&#8243; _module_preset=&#8221;default&#8221; global_colors_info=&#8221;{}&#8221;]<\/p>\n\n<div class=\"wpcf7 no-js\" id=\"wpcf7-f5668-o1\" lang=\"en-US\" dir=\"ltr\" data-wpcf7-id=\"5668\">\n<div class=\"screen-reader-response\"><p role=\"status\" aria-live=\"polite\" aria-atomic=\"true\"><\/p> <ul><\/ul><\/div>\n<form action=\"\/en\/wp-json\/wp\/v2\/pages\/5593#wpcf7-f5668-o1\" method=\"post\" class=\"wpcf7-form init\" aria-label=\"Contact form\" novalidate=\"novalidate\" data-status=\"init\">\n<fieldset class=\"hidden-fields-container\"><input type=\"hidden\" name=\"_wpcf7\" value=\"5668\" \/><input type=\"hidden\" name=\"_wpcf7_version\" value=\"6.1.5\" \/><input type=\"hidden\" name=\"_wpcf7_locale\" value=\"en_US\" \/><input type=\"hidden\" name=\"_wpcf7_unit_tag\" value=\"wpcf7-f5668-o1\" \/><input type=\"hidden\" name=\"_wpcf7_container_post\" value=\"0\" \/><input type=\"hidden\" name=\"_wpcf7_posted_data_hash\" value=\"\" \/>\n<\/fieldset>\n<div class=\"wpwd-form-row\">\n\t<div class=\"wpwd-col-6\">\n\t\t<h2 style=\"font-size:20px;\"><b>Your data<\/b>\n\t\t<\/h2>\n\t\t<div class=\"wpwd-form-row\">\n\t\t\t<p><label class=\"wpwd-col-3 wpwd-form-label\">Salutation*<\/label>\n\t\t\t<\/p>\n\t\t\t<div class=\"wpwd-col-9\">\n\t\t\t\t<div class=\"wpwd-select\">\n\t\t\t\t\t<p><span class=\"wpcf7-form-control-wrap\" data-name=\"Salutation\"><select class=\"wpcf7-form-control wpcf7-select wpcf7-validates-as-required\" aria-required=\"true\" aria-invalid=\"false\" name=\"Salutation\"><option value=\"\"><\/option><option value=\"Mr\">Mr<\/option><option value=\"Mrs\">Mrs<\/option><\/select><\/span>\n\t\t\t\t\t<\/p>\n\t\t\t\t<\/div>\n\t\t\t<\/div>\n\t\t<\/div>\n\t\t<div class=\"wpwd-form-row\">\n\t\t\t<p><label class=\"wpwd-col-3 wpwd-form-label\">First name*<\/label>\n\t\t\t<\/p>\n\t\t\t<div class=\"wpwd-col-9\">\n\t\t\t\t<p><span class=\"wpcf7-form-control-wrap\" data-name=\"First\"><input size=\"40\" maxlength=\"400\" class=\"wpcf7-form-control wpcf7-text wpcf7-validates-as-required\" aria-required=\"true\" aria-invalid=\"false\" placeholder=\"First name\" value=\"\" type=\"text\" name=\"First\" \/><\/span>\n\t\t\t\t<\/p>\n\t\t\t<\/div>\n\t\t<\/div>\n\t\t<div class=\"wpwd-form-row\">\n\t\t\t<p><label class=\"wpwd-col-3 wpwd-form-label\">Last name*<\/label>\n\t\t\t<\/p>\n\t\t\t<div class=\"wpwd-col-9\">\n\t\t\t\t<p><span class=\"wpcf7-form-control-wrap\" data-name=\"Last\"><input size=\"40\" maxlength=\"400\" class=\"wpcf7-form-control wpcf7-text wpcf7-validates-as-required\" aria-required=\"true\" aria-invalid=\"false\" placeholder=\"Last name\" value=\"\" type=\"text\" name=\"Last\" \/><\/span>\n\t\t\t\t<\/p>\n\t\t\t<\/div>\n\t\t<\/div>\n\t\t<div class=\"wpwd-form-row\">\n\t\t\t<p><label class=\"wpwd-col-3 wpwd-form-label\">Mobile phone*<\/label>\n\t\t\t<\/p>\n\t\t\t<div class=\"wpwd-col-9\">\n\t\t\t\t<p><span class=\"wpcf7-form-control-wrap\" data-name=\"Telefonnummer\"><input size=\"40\" maxlength=\"400\" class=\"wpcf7-form-control wpcf7-text wpcf7-validates-as-required\" aria-required=\"true\" aria-invalid=\"false\" placeholder=\"Mobile phone\" value=\"\" type=\"text\" name=\"Telefonnummer\" \/><\/span>\n\t\t\t\t<\/p>\n\t\t\t<\/div>\n\t\t<\/div>\n\t\t<div class=\"wpwd-form-row\">\n\t\t\t<p><label class=\"wpwd-col-3 wpwd-form-label\">E-Mail*<\/label>\n\t\t\t<\/p>\n\t\t\t<div class=\"wpwd-col-9\">\n\t\t\t\t<p><span class=\"wpcf7-form-control-wrap\" data-name=\"Emailadresse\"><input size=\"40\" maxlength=\"400\" class=\"wpcf7-form-control wpcf7-email wpcf7-validates-as-required wpcf7-text wpcf7-validates-as-email\" aria-required=\"true\" aria-invalid=\"false\" placeholder=\"Email address\" value=\"\" type=\"email\" name=\"Emailadresse\" \/><\/span>\n\t\t\t\t<\/p>\n\t\t\t<\/div>\n\t\t<\/div>\n\t<\/div>\n\t<div class=\"wpwd-form-row\">\n\t\t<p><label class=\"wpwd-col-12\"><\/label>\n\t\t<\/p>\n\t\t<h2 style=\"font-size:20px;\"><b>What kind of job are you interested in?<\/b>\n\t\t<\/h2>\n\t\t<div class=\"wpwd-col-6\">\n\t\t\t<p><span class=\"wpcf7-form-control-wrap\" data-name=\"information\"><span class=\"wpcf7-form-control wpcf7-checkbox\"><span class=\"wpcf7-list-item first\"><label><input type=\"checkbox\" name=\"information[]\" value=\"Jobs for qualified professionals in child day care centres\" \/><span class=\"wpcf7-list-item-label\">Jobs for qualified professionals in child day care centres<\/span><\/label><\/span><span class=\"wpcf7-list-item\"><label><input type=\"checkbox\" name=\"information[]\" value=\"Jobs for qualified supplementary staff in child day care centres\" \/><span class=\"wpcf7-list-item-label\">Jobs for qualified supplementary staff in child day care centres<\/span><\/label><\/span><span class=\"wpcf7-list-item\"><label><input type=\"checkbox\" name=\"information[]\" value=\"Jobs for housekeeping and kitchen staff\" \/><span class=\"wpcf7-list-item-label\">Jobs for housekeeping and kitchen staff<\/span><\/label><\/span><span class=\"wpcf7-list-item\"><label><input type=\"checkbox\" name=\"information[]\" value=\"Vacancies for temporary student jobs\" \/><span class=\"wpcf7-list-item-label\">Vacancies for temporary student jobs<\/span><\/label><\/span><span class=\"wpcf7-list-item\"><label><input type=\"checkbox\" name=\"information[]\" value=\"Available apprenticeships\" \/><span class=\"wpcf7-list-item-label\">Available apprenticeships<\/span><\/label><\/span><span class=\"wpcf7-list-item last\"><label><input type=\"checkbox\" name=\"information[]\" value=\"Online Job Events (non-binding online information event for job prospects)\" \/><span class=\"wpcf7-list-item-label\">Online Job Events (non-binding online information event for job prospects)<\/span><\/label><\/span><\/span><\/span>\n\t\t\t<\/p>\n\t\t<\/div>\n\t<\/div>\n\t<div class=\"wpwd-form-row\">\n\t\t<p><label class=\"wpwd-col-12\">Is there anything else you would like to tell us?<\/label>\n\t\t<\/p>\n\t\t<div class=\"wpwd-col-12\">\n\t\t\t<p><span class=\"wpcf7-form-control-wrap\" data-name=\"Communication\"><input size=\"40\" maxlength=\"400\" class=\"wpcf7-form-control wpcf7-text wpcf7-validates-as-required\" aria-required=\"true\" aria-invalid=\"false\" value=\"\" type=\"text\" name=\"Communication\" \/><\/span>\n\t\t\t<\/p>\n\t\t<\/div>\n\t<\/div>\n\t<div class=\"wpwd-form-row\">\n\t\t<div class=\"wpwd-col-12\">\n\t\t\t<p><span class=\"wpcf7-form-control-wrap\" data-name=\"datenschutzja\"><span class=\"wpcf7-form-control wpcf7-acceptance\"><span class=\"wpcf7-list-item\"><label><input type=\"checkbox\" name=\"datenschutzja\" value=\"1\" aria-invalid=\"false\" \/><span class=\"wpcf7-list-item-label\">I agree that my details from the contact form are collected and processed in order to answer my enquiry. Detailed information on the handling of user data can be found in our data protection information.<\/span><\/label><\/span><\/span><\/span>\n\t\t\t<\/p>\n\t\t<\/div>\n\t<\/div>\n\t<div class=\"wpwd-form-row\">\n\t\t<div class=\"wpwd-col-12\">\n\t\t\t<p><input class=\"wpcf7-form-control wpcf7-submit has-spinner\" type=\"submit\" value=\"Send\" \/>\n\t\t\t<\/p>\n\t\t<\/div>\n\t<\/div>\n<input class=\"wpcf7-form-control wpcf7-hidden\" value=\"\" type=\"hidden\" name=\"campaign\" \/>\n<input class=\"wpcf7-form-control wpcf7-hidden\" value=\"\" type=\"hidden\" name=\"referrer\" \/>\n<\/div><div class=\"wpcf7-response-output\" aria-hidden=\"true\"><\/div>\n<\/form>\n<\/div>\n\n<p>[\/et_pb_text][\/et_pb_column][\/et_pb_row][\/et_pb_section][et_pb_section fb_built=&#8221;1&#8243; _builder_version=&#8221;4.14.7&#8243; _module_preset=&#8221;default&#8221; background_color=&#8221;gcid-738d5da2-d519-472b-9e6e-6c72fe1cbeec&#8221; width=&#8221;94%&#8221; module_alignment=&#8221;center&#8221; custom_margin=&#8221;0px||0px||false|false&#8221; custom_padding=&#8221;0px||0px||false|false&#8221; global_colors_info=&#8221;{%22gcid-738d5da2-d519-472b-9e6e-6c72fe1cbeec%22:%91%22background_color%22%93}&#8221;][et_pb_row _builder_version=&#8221;4.14.7&#8243; _module_preset=&#8221;default&#8221; background_color=&#8221;RGBA(255,255,255,0)&#8221; custom_padding=&#8221;0px|||||&#8221; global_colors_info=&#8221;{}&#8221;][et_pb_column type=&#8221;4_4&#8243; _builder_version=&#8221;4.14.6&#8243; _module_preset=&#8221;default&#8221; global_colors_info=&#8221;{}&#8221;][et_pb_image src=&#8221;https:\/\/www.cocon-kids.com\/wp-content\/uploads\/2022\/01\/schmetterling.svg&#8221; title_text=&#8221;schmetterling&#8221; align=&#8221;right&#8221; _builder_version=&#8221;4.14.7&#8243; _module_preset=&#8221;default&#8221; transform_scale_tablet=&#8221;&#8221; transform_scale_phone=&#8221;&#8221; transform_scale_last_edited=&#8221;on|phone&#8221; transform_translate=&#8221;79px|-85px&#8221; transform_translate_tablet=&#8221;&#8221; transform_translate_phone=&#8221;21px|-85px&#8221; transform_translate_last_edited=&#8221;on|phone&#8221; transform_rotate_tablet=&#8221;&#8221; transform_rotate_phone=&#8221;&#8221; transform_rotate_last_edited=&#8221;on|phone&#8221; transform_skew_tablet=&#8221;&#8221; transform_skew_phone=&#8221;&#8221; transform_skew_last_edited=&#8221;on|phone&#8221; transform_origin_tablet=&#8221;&#8221; transform_origin_phone=&#8221;&#8221; transform_origin_last_edited=&#8221;on|phone&#8221; transform_styles_last_edited=&#8221;on|phone&#8221; width=&#8221;15%&#8221; width_tablet=&#8221;&#8221; width_phone=&#8221;35%&#8221; width_last_edited=&#8221;on|phone&#8221; custom_margin=&#8221;0px||0px||false|false&#8221; custom_padding=&#8221;0px||0px||false|false&#8221; transform_styles_tablet=&#8221;&#8221; transform_styles_phone=&#8221;&#8221; global_colors_info=&#8221;{}&#8221;][\/et_pb_image][dica_divi_carousel show_items_desktop=&#8221;1&#8243; show_items_tablet=&#8221;1&#8243; loop=&#8221;on&#8221; autoplay=&#8221;on&#8221; autoplay_speed=&#8221;7500&#8243; arrow_nav=&#8221;on&#8221; advanced_effect=&#8221;1&#8243; arrow_nav_color=&#8221;gcid-931181c0-9fd1-4e0c-93d4-21f2c104f51b&#8221; arrow_bg_color=&#8221;RGBA(255,255,255,0)&#8221; dots_color=&#8221;gcid-931181c0-9fd1-4e0c-93d4-21f2c104f51b&#8221; dots_active_color=&#8221;gcid-931181c0-9fd1-4e0c-93d4-21f2c104f51b&#8221; arrow_position=&#8221;middle-outside&#8221; arrow_font_size=&#8221;93px&#8221; carousel_container_margin=&#8221;||||false|false&#8221; carousel_container_padding=&#8221;||||false|false&#8221; innercontent_padding=&#8221;||||false|false&#8221; item_padding=&#8221;||||false|false&#8221; image_container_margin=&#8221;||||false|false&#8221; image_container_padding=&#8221;||||false|false&#8221; content_container_margin=&#8221;0px||||false|false&#8221; content_container_padding=&#8221;||||false|false&#8221; social_container_margin=&#8221;||||false|false&#8221; _builder_version=&#8221;4.14.7&#8243; _module_preset=&#8221;default&#8221; title_font=&#8221;|700|||||||&#8221; title_text_color=&#8221;gcid-0665e52f-8b5f-486b-a4f4-17d2479c62ae&#8221; title_font_size=&#8221;26px&#8221; title_line_height=&#8221;2em&#8221; background_color=&#8221;RGBA(255,255,255,0)&#8221; custom_margin=&#8221;-100px||0px||false|false&#8221; custom_padding=&#8221;0px|13px|0px|13px|false|false&#8221; hover_enabled=&#8221;0&#8243; global_colors_info=&#8221;{%22gcid-931181c0-9fd1-4e0c-93d4-21f2c104f51b%22:%91%22dots_color%22,%22dots_active_color%22,%22arrow_nav_color%22%93,%22gcid-0665e52f-8b5f-486b-a4f4-17d2479c62ae%22:%91%22title_text_color%22%93}&#8221; sticky_enabled=&#8221;0&#8243;][dica_divi_carouselitem title=&#8221;What satisfied parents say:&#8221; button_url_new_window=&#8221;1&#8243; _builder_version=&#8221;4.14.7&#8243; _module_preset=&#8221;default&#8221; header_level=&#8221;h2&#8243; header_text_align=&#8221;left&#8221; header_text_color=&#8221;gcid-0665e52f-8b5f-486b-a4f4-17d2479c62ae&#8221; hover_enabled=&#8221;0&#8243; global_colors_info=&#8221;{%22gcid-0665e52f-8b5f-486b-a4f4-17d2479c62ae%22:%91%22header_text_color%22%93}&#8221; sticky_enabled=&#8221;0&#8243;]&#8221;We could not have done better. We knew at all times that our children were in the best of hands. In addition to the professionalism and above-average quality of the educators, house management, kitchen, services, etc., which is to be expected at this price, there is also so much love, recognition, attention and appreciation for each individual child in all the educators \/ other staff that it is actually a shame that it had to end at some point. It was a wonderful time, our boys and we loved it. Thank you for that!&#8221;<br \/>\nV. Zwoelfer[\/dica_divi_carouselitem][\/dica_divi_carousel][\/et_pb_column][\/et_pb_row][\/et_pb_section][et_pb_section fb_built=&#8221;1&#8243; _builder_version=&#8221;4.14.7&#8243; _module_preset=&#8221;default&#8221; custom_padding=&#8221;||0px|||&#8221; global_colors_info=&#8221;{}&#8221;][et_pb_row _builder_version=&#8221;4.14.7&#8243; _module_preset=&#8221;default&#8221; global_colors_info=&#8221;{}&#8221;][et_pb_column type=&#8221;4_4&#8243; _builder_version=&#8221;4.14.7&#8243; _module_preset=&#8221;default&#8221; global_colors_info=&#8221;{}&#8221;][et_pb_divider show_divider=&#8221;off&#8221; _builder_version=&#8221;4.14.7&#8243; _module_preset=&#8221;default&#8221; global_colors_info=&#8221;{}&#8221;][\/et_pb_divider][\/et_pb_column][\/et_pb_row][\/et_pb_section][et_pb_section fb_built=&#8221;1&#8243; _builder_version=&#8221;4.14.6&#8243; _module_preset=&#8221;default&#8221; background_color=&#8221;gcid-738d5da2-d519-472b-9e6e-6c72fe1cbeec&#8221; saved_tabs=&#8221;all&#8221; global_colors_info=&#8221;{%22gcid-738d5da2-d519-472b-9e6e-6c72fe1cbeec%22:%91%22background_color%22%93}&#8221;][et_pb_row _builder_version=&#8221;4.14.6&#8243; _module_preset=&#8221;default&#8221; global_colors_info=&#8221;{}&#8221;][et_pb_column type=&#8221;4_4&#8243; _builder_version=&#8221;4.14.6&#8243; _module_preset=&#8221;default&#8221; global_colors_info=&#8221;{}&#8221;][et_pb_text _builder_version=&#8221;4.14.7&#8243; _module_preset=&#8221;default&#8221; text_font=&#8221;|700|||||||&#8221; text_line_height=&#8221;1.1em&#8221; header_4_font=&#8221;|700|||||||&#8221; header_4_line_height=&#8221;1.1em&#8221; global_colors_info=&#8221;{}&#8221;]<\/p>\n<p>This might interest you<\/p>\n<p>[\/et_pb_text][\/et_pb_column][\/et_pb_row][et_pb_row _builder_version=&#8221;4.14.7&#8243; _module_preset=&#8221;default&#8221; background_color=&#8221;#f2f2f2&#8243; global_colors_info=&#8221;{}&#8221;][et_pb_column type=&#8221;4_4&#8243; _builder_version=&#8221;4.14.6&#8243; _module_preset=&#8221;default&#8221; global_colors_info=&#8221;{}&#8221;][et_pb_fh_post_carousel show_pagination=&#8221;off&#8221; show_more_button=&#8221;off&#8221; use_manual_excerpt=&#8221;off&#8221; show_meta=&#8221;off&#8221; autoplay=&#8221;off&#8221; carousel_items=&#8221;2&#8243; item_margin=&#8221;30&#8243; module_class=&#8221;wpwd-post-carousel&#8221; _builder_version=&#8221;4.14.7&#8243; _module_preset=&#8221;default&#8221; header_font_size=&#8221;18px&#8221; global_colors_info=&#8221;{}&#8221;][\/et_pb_fh_post_carousel][\/et_pb_column][\/et_pb_row][\/et_pb_section]<\/p>\n","protected":false},"excerpt":{"rendered":"<p>cocon &#8211; here you are at home cocon \u2013 Job distributor Stay informed &#8211; join our job distribution list for cocon jobs:: As a member of our job distribution list, we will inform you about vacancies in the cocon day care centres. You yourself choose which job offers you would like to be informed about [&hellip;]<\/p>\n","protected":false},"author":1,"featured_media":0,"parent":0,"menu_order":0,"comment_status":"closed","ping_status":"closed","template":"","meta":{"_et_pb_use_builder":"on","_et_pb_old_content":"","_et_gb_content_width":"","rs_blank_template":"","rs_page_bg_color":"","slide_template_v7":"","_improvement_type_select":"improve_an_existing","_thumb_yes_seoaic":false,"_frame_yes_seoaic":false,"seoaic_generate_description":"","seoaic_improve_instructions_prompt":"","seoaic_rollback_content_improvement":"","seoaic_idea_thumbnail_generator":"","thumbnail_generated":false,"thumbnail_generate_prompt":"","seoaic_article_description":"","inline_featured_image":false,"footnotes":""},"class_list":["post-5593","page","type-page","status-publish","hentry"],"yoast_head":"<!-- This site is optimized with the Yoast SEO plugin v27.5 - https:\/\/yoast.com\/product\/yoast-seo-wordpress\/ -->\n<title>Job Distributor - cocon Kindertagesst\u00e4tten<\/title>\n<meta name=\"robots\" content=\"index, follow, max-snippet:-1, max-image-preview:large, max-video-preview:-1\" \/>\n<link rel=\"canonical\" href=\"https:\/\/www.cocon-kids.com\/en\/job-distributor\/\" \/>\n<meta property=\"og:locale\" content=\"en_US\" \/>\n<meta property=\"og:type\" content=\"article\" \/>\n<meta property=\"og:title\" content=\"Job Distributor - cocon Kindertagesst\u00e4tten\" \/>\n<meta property=\"og:description\" content=\"cocon - here you are at home cocon \u2013 Job distributor Stay informed - join our job distribution list for cocon jobs:: As a member of our job distribution list, we will inform you about vacancies in the cocon day care centres. You yourself choose which job offers you would like to be informed about [&hellip;]\" \/>\n<meta property=\"og:url\" content=\"https:\/\/www.cocon-kids.com\/en\/job-distributor\/\" \/>\n<meta property=\"og:site_name\" content=\"cocon Kindertagesst\u00e4tten\" \/>\n<meta property=\"article:publisher\" content=\"https:\/\/www.facebook.com\/coconkita\/\" \/>\n<meta property=\"article:modified_time\" content=\"2022-03-08T10:05:30+00:00\" \/>\n<meta name=\"twitter:card\" content=\"summary_large_image\" \/>\n<meta name=\"twitter:label1\" content=\"Est. reading time\" \/>\n\t<meta name=\"twitter:data1\" content=\"6 minutes\" \/>\n<!-- \/ Yoast SEO plugin. -->","yoast_head_json":{"title":"Job Distributor - cocon Kindertagesst\u00e4tten","robots":{"index":"index","follow":"follow","max-snippet":"max-snippet:-1","max-image-preview":"max-image-preview:large","max-video-preview":"max-video-preview:-1"},"canonical":"https:\/\/www.cocon-kids.com\/en\/job-distributor\/","og_locale":"en_US","og_type":"article","og_title":"Job Distributor - cocon Kindertagesst\u00e4tten","og_description":"cocon - here you are at home cocon \u2013 Job distributor Stay informed - join our job distribution list for cocon jobs:: As a member of our job distribution list, we will inform you about vacancies in the cocon day care centres. You yourself choose which job offers you would like to be informed about [&hellip;]","og_url":"https:\/\/www.cocon-kids.com\/en\/job-distributor\/","og_site_name":"cocon Kindertagesst\u00e4tten","article_publisher":"https:\/\/www.facebook.com\/coconkita\/","article_modified_time":"2022-03-08T10:05:30+00:00","twitter_card":"summary_large_image","twitter_misc":{"Est. reading time":"6 minutes"},"schema":{"@context":"https:\/\/schema.org","@graph":[{"@type":"WebPage","@id":"https:\/\/www.cocon-kids.com\/en\/job-distributor\/","url":"https:\/\/www.cocon-kids.com\/en\/job-distributor\/","name":"Job Distributor - cocon Kindertagesst\u00e4tten","isPartOf":{"@id":"https:\/\/www.cocon-kids.com\/en\/#website"},"datePublished":"2022-01-25T16:36:26+00:00","dateModified":"2022-03-08T10:05:30+00:00","breadcrumb":{"@id":"https:\/\/www.cocon-kids.com\/en\/job-distributor\/#breadcrumb"},"inLanguage":"en-US","potentialAction":[{"@type":"ReadAction","target":["https:\/\/www.cocon-kids.com\/en\/job-distributor\/"]}]},{"@type":"BreadcrumbList","@id":"https:\/\/www.cocon-kids.com\/en\/job-distributor\/#breadcrumb","itemListElement":[{"@type":"ListItem","position":1,"name":"Startseite","item":"https:\/\/www.cocon-kids.com\/en\/"},{"@type":"ListItem","position":2,"name":"Job Distributor"}]},{"@type":"WebSite","@id":"https:\/\/www.cocon-kids.com\/en\/#website","url":"https:\/\/www.cocon-kids.com\/en\/","name":"cocon Kindertagesst\u00e4tten","description":"Inhabergef\u00fchrte, bilinguale Kita in M\u00fcnchen - Bogenhausen und Waldtrudering","publisher":{"@id":"https:\/\/www.cocon-kids.com\/en\/#organization"},"potentialAction":[{"@type":"SearchAction","target":{"@type":"EntryPoint","urlTemplate":"https:\/\/www.cocon-kids.com\/en\/?s={search_term_string}"},"query-input":{"@type":"PropertyValueSpecification","valueRequired":true,"valueName":"search_term_string"}}],"inLanguage":"en-US"},{"@type":"Organization","@id":"https:\/\/www.cocon-kids.com\/en\/#organization","name":"cocon Kindertagesst\u00e4tten","url":"https:\/\/www.cocon-kids.com\/en\/","logo":{"@type":"ImageObject","inLanguage":"en-US","@id":"https:\/\/www.cocon-kids.com\/en\/#\/schema\/logo\/image\/","url":"https:\/\/www.cocon-kids.com\/wp-content\/uploads\/2022\/01\/Logo_quer_cocon-1.svg","contentUrl":"https:\/\/www.cocon-kids.com\/wp-content\/uploads\/2022\/01\/Logo_quer_cocon-1.svg","width":"1024","height":"1024","caption":"cocon Kindertagesst\u00e4tten"},"image":{"@id":"https:\/\/www.cocon-kids.com\/en\/#\/schema\/logo\/image\/"},"sameAs":["https:\/\/www.facebook.com\/coconkita\/"]}]}},"_links":{"self":[{"href":"https:\/\/www.cocon-kids.com\/en\/wp-json\/wp\/v2\/pages\/5593","targetHints":{"allow":["GET"]}}],"collection":[{"href":"https:\/\/www.cocon-kids.com\/en\/wp-json\/wp\/v2\/pages"}],"about":[{"href":"https:\/\/www.cocon-kids.com\/en\/wp-json\/wp\/v2\/types\/page"}],"author":[{"embeddable":true,"href":"https:\/\/www.cocon-kids.com\/en\/wp-json\/wp\/v2\/users\/1"}],"replies":[{"embeddable":true,"href":"https:\/\/www.cocon-kids.com\/en\/wp-json\/wp\/v2\/comments?post=5593"}],"version-history":[{"count":5,"href":"https:\/\/www.cocon-kids.com\/en\/wp-json\/wp\/v2\/pages\/5593\/revisions"}],"predecessor-version":[{"id":6710,"href":"https:\/\/www.cocon-kids.com\/en\/wp-json\/wp\/v2\/pages\/5593\/revisions\/6710"}],"wp:attachment":[{"href":"https:\/\/www.cocon-kids.com\/en\/wp-json\/wp\/v2\/media?parent=5593"}],"curies":[{"name":"wp","href":"https:\/\/api.w.org\/{rel}","templated":true}]}}