{"id":5382,"date":"2022-01-22T10:44:32","date_gmt":"2022-01-22T09:44:32","guid":{"rendered":"https:\/\/www.cocon-kids.com\/blog\/"},"modified":"2025-05-21T20:21:55","modified_gmt":"2025-05-21T18:21:55","slug":"blog","status":"publish","type":"page","link":"https:\/\/www.cocon-kids.com\/en\/blog\/","title":{"rendered":"Blog"},"content":{"rendered":"<p>[et_pb_section fb_built=&#8221;1&#8243; fullwidth=&#8221;on&#8221; _builder_version=&#8221;4.16&#8243; _module_preset=&#8221;default&#8221; global_colors_info=&#8221;{}&#8221;][et_pb_fullwidth_image src=&#8221;https:\/\/www.cocon-kids.com\/wp-content\/uploads\/2022\/09\/Businessmann-Blogartikel-aktuell-cocon-1920&#215;500-1.jpg&#8221; title_text=&#8221;Businessmann-Blogartikel-aktuell-cocon-1920&#215;500&#8243; _builder_version=&#8221;4.17.4&#8243; _module_preset=&#8221;default&#8221; global_colors_info=&#8221;{}&#8221;][\/et_pb_fullwidth_image][\/et_pb_section][et_pb_section fb_built=&#8221;1&#8243; _builder_version=&#8221;4.16&#8243; _module_preset=&#8221;default&#8221; global_colors_info=&#8221;{}&#8221;][et_pb_row _builder_version=&#8221;4.16&#8243; _module_preset=&#8221;default&#8221; global_colors_info=&#8221;{}&#8221;][et_pb_column type=&#8221;4_4&#8243; _builder_version=&#8221;4.16&#8243; _module_preset=&#8221;default&#8221; global_colors_info=&#8221;{}&#8221;][et_pb_text _builder_version=&#8221;4.16&#8243; _module_preset=&#8221;default&#8221; text_font=&#8221;|300|||||||&#8221; text_text_color=&#8221;gcid-98275a9b-fe46-4fd3-8614-befde7b662a7&#8243; text_letter_spacing=&#8221;3px&#8221; text_line_height=&#8221;1.5em&#8221; header_2_font_size=&#8221;17px&#8221; custom_margin=&#8221;||20px||false|false&#8221; global_colors_info=&#8221;{%22gcid-98275a9b-fe46-4fd3-8614-befde7b662a7%22:%91%22text_text_color%22%93}&#8221;]Time to read[\/et_pb_text][et_pb_text _builder_version=&#8221;4.16&#8243; _module_preset=&#8221;default&#8221; header_font=&#8221;|700|||||||&#8221; header_text_color=&#8221;gcid-931181c0-9fd1-4e0c-93d4-21f2c104f51b&#8221; header_font_size=&#8221;40px&#8221; header_line_height=&#8221;1.1em&#8221; header_3_font=&#8221;|600|||||||&#8221; header_3_text_color=&#8221;gcid-931181c0-9fd1-4e0c-93d4-21f2c104f51b&#8221; header_3_font_size=&#8221;40px&#8221; global_colors_info=&#8221;{%22gcid-931181c0-9fd1-4e0c-93d4-21f2c104f51b%22:%91%22header_3_text_color%22,%22header_text_color%22%93}&#8221;]<\/p>\n<h1>Professional articles, stories and information.<\/h1>\n<p>[\/et_pb_text][\/et_pb_column][\/et_pb_row][et_pb_row _builder_version=&#8221;4.16&#8243; _module_preset=&#8221;default&#8221; global_colors_info=&#8221;{}&#8221;][et_pb_column type=&#8221;4_4&#8243; _builder_version=&#8221;4.16&#8243; _module_preset=&#8221;default&#8221; global_colors_info=&#8221;{}&#8221;][et_pb_text _builder_version=&#8221;4.27.4&#8243; _module_preset=&#8221;default&#8221; text_line_height=&#8221;1.5em&#8221; hover_enabled=&#8221;0&#8243; global_colors_info=&#8221;{}&#8221; sticky_enabled=&#8221;0&#8243;]<\/p>\n<p><strong>Welcome to the blog by cocon, the international premium kindergarten. <\/strong><\/p>\n<p><strong>Here you will find regular posts and articles about our houses, important information as well as interesting facts about children. <\/strong><\/p>\n<p><strong>Have fun browsing!!<\/strong><\/p>\n<p>[\/et_pb_text][\/et_pb_column][\/et_pb_row][\/et_pb_section][et_pb_section fb_built=&#8221;1&#8243; _builder_version=&#8221;4.16&#8243; _module_preset=&#8221;default&#8221; global_colors_info=&#8221;{}&#8221;][et_pb_row use_custom_gutter=&#8221;on&#8221; gutter_width=&#8221;2&#8243; module_class=&#8221;wpwd-blog-module&#8221; _builder_version=&#8221;4.16&#8243; _module_preset=&#8221;default&#8221; global_colors_info=&#8221;{}&#8221;][et_pb_column type=&#8221;4_4&#8243; _builder_version=&#8221;4.16&#8243; _module_preset=&#8221;default&#8221; global_colors_info=&#8221;{}&#8221;][et_pb_wpwd_blog fullwidth=&#8221;off&#8221; include_categories=&#8221;all&#8221; show_more=&#8221;on&#8221; show_author=&#8221;off&#8221; show_date=&#8221;off&#8221; _builder_version=&#8221;4.16&#8243; _module_preset=&#8221;default&#8221; border_width_all=&#8221;0px&#8221; global_colors_info=&#8221;{}&#8221;][\/et_pb_wpwd_blog][et_pb_blog posts_number=&#8221;2&#8243; disabled_on=&#8221;on|on|on&#8221; _builder_version=&#8221;4.16&#8243; _module_preset=&#8221;default&#8221; disabled=&#8221;on&#8221; global_colors_info=&#8221;{}&#8221;][\/et_pb_blog][\/et_pb_column][\/et_pb_row][\/et_pb_section][et_pb_section fb_built=&#8221;1&#8243; custom_padding_last_edited=&#8221;on|phone&#8221; _builder_version=&#8221;4.17.4&#8243; _module_preset=&#8221;default&#8221; background_color=&#8221;gcid-738d5da2-d519-472b-9e6e-6c72fe1cbeec&#8221; width=&#8221;94%&#8221; module_alignment=&#8221;center&#8221; custom_margin=&#8221;0px||0px||false|false&#8221; custom_padding=&#8221;0px||0px||false|false&#8221; custom_padding_tablet=&#8221;0px||0px||false|false&#8221; custom_padding_phone=&#8221;33px||||false|false&#8221; global_module=&#8221;7679&#8243; saved_tabs=&#8221;all&#8221; global_colors_info=&#8221;{}&#8221;][et_pb_row _builder_version=&#8221;4.16&#8243; _module_preset=&#8221;default&#8221; background_color=&#8221;RGBA(255,255,255,0)&#8221; custom_padding=&#8221;0px|||||&#8221; global_colors_info=&#8221;{}&#8221;][et_pb_column type=&#8221;4_4&#8243; _builder_version=&#8221;4.16&#8243; _module_preset=&#8221;default&#8221; global_colors_info=&#8221;{}&#8221;][et_pb_image src=&#8221;https:\/\/www.cocon-kids.com\/wp-content\/uploads\/2022\/01\/schmetterling.svg&#8221; title_text=&#8221;schmetterling&#8221; align=&#8221;right&#8221; _builder_version=&#8221;4.17.4&#8243; _module_preset=&#8221;default&#8221; transform_scale_tablet=&#8221;&#8221; transform_scale_phone=&#8221;&#8221; transform_scale_last_edited=&#8221;on|phone&#8221; transform_translate=&#8221;79px|-85px&#8221; transform_translate_tablet=&#8221;&#8221; transform_translate_phone=&#8221;21px|-85px&#8221; transform_translate_last_edited=&#8221;on|phone&#8221; transform_rotate_tablet=&#8221;&#8221; transform_rotate_phone=&#8221;&#8221; transform_rotate_last_edited=&#8221;on|phone&#8221; transform_skew_tablet=&#8221;&#8221; transform_skew_phone=&#8221;&#8221; transform_skew_last_edited=&#8221;on|phone&#8221; transform_origin_tablet=&#8221;&#8221; transform_origin_phone=&#8221;&#8221; transform_origin_last_edited=&#8221;on|phone&#8221; transform_styles_last_edited=&#8221;on|phone&#8221; width=&#8221;15%&#8221; width_tablet=&#8221;26%&#8221; width_phone=&#8221;35%&#8221; width_last_edited=&#8221;on|phone&#8221; custom_margin=&#8221;0px||0px||false|false&#8221; custom_padding=&#8221;0px||0px||false|false&#8221; transform_styles_tablet=&#8221;&#8221; transform_styles_phone=&#8221;&#8221; global_colors_info=&#8221;{}&#8221;][\/et_pb_image][dica_divi_carousel show_items_desktop=&#8221;1&#8243; show_items_tablet=&#8221;1&#8243; loop=&#8221;on&#8221; autoplay=&#8221;on&#8221; autoplay_speed=&#8221;7500&#8243; arrow_nav=&#8221;on&#8221; advanced_effect=&#8221;1&#8243; arrow_nav_color=&#8221;gcid-931181c0-9fd1-4e0c-93d4-21f2c104f51b&#8221; arrow_bg_color=&#8221;RGBA(255,255,255,0)&#8221; dots_color=&#8221;gcid-931181c0-9fd1-4e0c-93d4-21f2c104f51b&#8221; dots_active_color=&#8221;gcid-931181c0-9fd1-4e0c-93d4-21f2c104f51b&#8221; arrow_position=&#8221;middle-outside&#8221; arrow_font_size=&#8221;93px&#8221; carousel_container_margin=&#8221;||||false|false&#8221; carousel_container_padding=&#8221;||||false|false&#8221; innercontent_padding=&#8221;||||false|false&#8221; item_padding=&#8221;||||false|false&#8221; image_container_margin=&#8221;||||false|false&#8221; image_container_padding=&#8221;||||false|false&#8221; content_container_margin=&#8221;0px||||false|false&#8221; content_container_padding=&#8221;||||false|false&#8221; social_container_margin=&#8221;||||false|false&#8221; _builder_version=&#8221;4.16&#8243; _module_preset=&#8221;default&#8221; title_font=&#8221;|700|||||||&#8221; title_text_color=&#8221;gcid-0665e52f-8b5f-486b-a4f4-17d2479c62ae&#8221; title_font_size=&#8221;26px&#8221; title_line_height=&#8221;2em&#8221; background_color=&#8221;RGBA(255,255,255,0)&#8221; custom_margin=&#8221;-100px||0px||false|false&#8221; custom_padding=&#8221;0px|13px|0px|13px|false|false&#8221; global_colors_info=&#8221;{%22gcid-931181c0-9fd1-4e0c-93d4-21f2c104f51b%22:%91%22dots_color%22,%22dots_active_color%22,%22arrow_nav_color%22%93,%22gcid-0665e52f-8b5f-486b-a4f4-17d2479c62ae%22:%91%22title_text_color%22%93}&#8221;][dica_divi_carouselitem title=&#8221;What satisfied parents say:&#8221; button_url_new_window=&#8221;1&#8243; _builder_version=&#8221;4.16&#8243; _module_preset=&#8221;default&#8221; header_level=&#8221;h2&#8243; header_text_align=&#8221;left&#8221; header_text_color=&#8221;gcid-0665e52f-8b5f-486b-a4f4-17d2479c62ae&#8221; global_colors_info=&#8221;{%22gcid-0665e52f-8b5f-486b-a4f4-17d2479c62ae%22:%91%22header_text_color%22%93}&#8221;]&#8221;The best daycare center in Munich! Everything is just right here!<br \/>\n I can highly recommend all parents who are looking for a second home for their children to have their child cared for at Cocon.&#8221;<br \/>\nM. Augustin [\/dica_divi_carouselitem][dica_divi_carouselitem title=&#8221;What satisfied parents say:&#8221; button_url_new_window=&#8221;1&#8243; _builder_version=&#8221;4.16&#8243; _module_preset=&#8221;default&#8221; header_level=&#8221;h2&#8243; header_text_align=&#8221;left&#8221; header_text_color=&#8221;gcid-0665e52f-8b5f-486b-a4f4-17d2479c62ae&#8221; global_colors_info=&#8221;{%22gcid-0665e52f-8b5f-486b-a4f4-17d2479c62ae%22:%91%22header_text_color%22%93}&#8221;]<\/p>\n<p>&#8220;Our daughter and we parents are completely thrilled with the facility. Everything is just right here. Starting with the beautiful rooms with three large garden areas. The home-cooked organic quality food that the children love so much. The art, music, sports, etc. activities on offer. And last but not least, the warm and dedicated caregivers, who also playfully teach the children their native language, which in a very short time showed unbelievable success.&#8221; <br \/>M. Sch\u00f6nauer<\/p>\n<p>[\/dica_divi_carouselitem][dica_divi_carouselitem title=&#8221;What satisfied parents say:&#8221; button_url_new_window=&#8221;1&#8243; _builder_version=&#8221;4.16&#8243; _module_preset=&#8221;default&#8221; header_level=&#8221;h2&#8243; header_text_align=&#8221;left&#8221; header_text_color=&#8221;gcid-0665e52f-8b5f-486b-a4f4-17d2479c62ae&#8221; global_colors_info=&#8221;{%22gcid-0665e52f-8b5f-486b-a4f4-17d2479c62ae%22:%91%22header_text_color%22%93}&#8221;]<\/p>\n<p>&#8220;We couldn&#8217;t have done better. We knew at all times that our children were in the best of hands. In addition to the professionalism and above-average quality of the educators, house management, kitchen, services, etc., which is to be expected at this price, there is also so much love, recognition, attention and appreciation for each individual child in all educators \/ staff that it is actually a shame that it had to end at some point. It was a wonderful time, our boys and we loved it. Thank you for that!&#8221; <br \/>V. Zwoelfer<\/p>\n<p>[\/dica_divi_carouselitem][dica_divi_carouselitem title=&#8221;What satisfied parents say:&#8221; button_url_new_window=&#8221;1&#8243; _builder_version=&#8221;4.16&#8243; _module_preset=&#8221;default&#8221; header_level=&#8221;h2&#8243; header_text_align=&#8221;left&#8221; header_text_color=&#8221;gcid-0665e52f-8b5f-486b-a4f4-17d2479c62ae&#8221; global_colors_info=&#8221;{%22gcid-0665e52f-8b5f-486b-a4f4-17d2479c62ae%22:%91%22header_text_color%22%93}&#8221;]&#8221;Top daycare center with a great concept, a stable and super motivated team, long opening hours and few closing days in a central location with three gardens and the world&#8217;s best cook (at least if you believe the kids ;-)). Absolutely recommendable and happy to come back every day.&#8221;<br \/>\nM.N. [\/dica_divi_carouselitem][dica_divi_carouselitem title=&#8221;What satisfied parents say:&#8221; button_url_new_window=&#8221;1&#8243; _builder_version=&#8221;4.16&#8243; _module_preset=&#8221;default&#8221; header_level=&#8221;h2&#8243; header_text_align=&#8221;left&#8221; header_text_color=&#8221;gcid-0665e52f-8b5f-486b-a4f4-17d2479c62ae&#8221; global_colors_info=&#8221;{%22gcid-0665e52f-8b5f-486b-a4f4-17d2479c62ae%22:%91%22header_text_color%22%93}&#8221;]<\/p>\n<p>&#8220;Cocon promises a second home. In fact, it is more than that. Individual support and a lot of nest warmth, that&#8217;s how we would sum it up after four years now. There are countless support programs and projects ranging from music and art to natural sciences and sports. Little researchers, gardeners and cooks are not neglected either. The educators are caring and very well trained, and there are regular in-depth development discussions. All this guarantees happy, self-confident and independent children at Cocon. As parents, we couldn&#8217;t ask for better educational partners for our child.&#8221; <br \/>M.N.<\/p>\n<p>[\/dica_divi_carouselitem][dica_divi_carouselitem title=&#8221;What satisfied parents say:&#8221; button_url_new_window=&#8221;1&#8243; _builder_version=&#8221;4.16&#8243; _module_preset=&#8221;default&#8221; header_level=&#8221;h2&#8243; header_text_align=&#8221;left&#8221; header_text_color=&#8221;gcid-0665e52f-8b5f-486b-a4f4-17d2479c62ae&#8221; global_colors_info=&#8221;{%22gcid-0665e52f-8b5f-486b-a4f4-17d2479c62ae%22:%91%22header_text_color%22%93}&#8221;]<\/p>\n<p>&#8220;Wonderful facility that lovingly cared for our children from baby to preschool age and actually became a second home. Extensive offerings included in the price, e.g. music with music teacher, art\/craft, research. Permanent language support by English and even French native speakers. Above average trained and caring staff. At the same time, high level of flexibility and support with administrative issues. Great Kita\/Kiga that we miss very much.&#8221; <br \/>Schwemer family<\/p>\n<p>[\/dica_divi_carouselitem][dica_divi_carouselitem title=&#8221;What satisfied parents say:&#8221; button_url_new_window=&#8221;1&#8243; _builder_version=&#8221;4.16&#8243; _module_preset=&#8221;default&#8221; header_level=&#8221;h2&#8243; header_text_align=&#8221;left&#8221; header_text_color=&#8221;gcid-0665e52f-8b5f-486b-a4f4-17d2479c62ae&#8221; global_colors_info=&#8221;{%22gcid-0665e52f-8b5f-486b-a4f4-17d2479c62ae%22:%91%22header_text_color%22%93}&#8221;]<\/p>\n<p><span data-contrast=\"auto\" xml:lang=\"EN-US\" lang=\"EN-US\" class=\"TextRun SCXW2329773 BCX0\"><span class=\"NormalTextRun SCXW2329773 BCX0\">\u201cBoth our children were very happy here, as parents we appreciated the professionality and high standards in many areas &#8211; from the excellent food (which they still miss!), good hygiene and nice facilities, to the kind and supportive staff. The small exchanges with the teachers during handover, regular feedback and opportunities to discuss any concerns were so useful. As parents, we learned so many pedagogical approaches from the teachers, including tips on how to tackle the latest issue based on our child&#8217;s personality. It felt like a collaborative, yet professional and kind relationship over the <\/span><span class=\"NormalTextRun ContextualSpellingAndGrammarErrorV2 SCXW2329773 BCX0\">years..<\/span><span class=\"NormalTextRun SCXW2329773 BCX0\">\u201d<\/span><\/span><span class=\"LineBreakBlob BlobObject DragDrop SCXW2329773 BCX0\"><span class=\"SCXW2329773 BCX0\">\u00a0<\/span><br class=\"SCXW2329773 BCX0\" \/><\/span><span data-contrast=\"auto\" xml:lang=\"EN-US\" lang=\"EN-US\" class=\"TextRun SCXW2329773 BCX0\"><span class=\"NormalTextRun SCXW2329773 BCX0\"> <\/span><\/span><span data-contrast=\"auto\" xml:lang=\"DE-DE\" lang=\"DE-DE\" class=\"TextRun SCXW2329773 BCX0\"><span class=\"NormalTextRun SCXW2329773 BCX0\">O. Duffner<\/span><\/span><span class=\"EOP SCXW2329773 BCX0\" data-ccp-props=\"{}\">\u00a0<\/span><\/p>\n<p>[\/dica_divi_carouselitem][\/dica_divi_carousel][\/et_pb_column][\/et_pb_row][\/et_pb_section]<\/p>\n","protected":false},"excerpt":{"rendered":"<p>Time to readProfessional articles, stories and information.Welcome to the blog by cocon, the international premium kindergarten. Here you will find regular posts and articles about our houses, important information as well as interesting facts about children. Have fun browsing!!<div class=\"et_pb_module dica_divi_carousel dica_divi_carousel_0\">\n\t\t\t\t\n\t\t\t\t\n\t\t\t\t\n\t\t\t\t\n\t\t\t\t\n\t\t\t\t\n\t\t\t\t<div class=\"et_pb_module_inner\">\n\t\t\t\t\t<div class=\"dica-container  desktop_&#8221;middle-outside&#8221; tablet_&#8221;middle-outside&#8221; mobile_&#8221;middle-outside&#8221;\" data-props='{\"desktop\":\"&#8221;1&#8243;\",\"tablet\":\"&#8221;1&#8243;\",\"mobile\":\"1\",\"speed\":\"500\",\"arrow\":\"&#8221;on&#8221;\",\"dots\":\"off\",\"autoplay\":\"&#8221;on&#8221;\",\"autoSpeed\":\"&#8221;7500&#8243;\",\"loop\":\"&#8221;on&#8221;\",\"item_spacing\":\"30\",\"center_mode\":\"off\",\"slider_effec\":\"&#8221;1&#8243;\",\"cover_rotate\":\"50\",\"pause_onhover\":\"off\",\"multislide\":\"off\",\"cfshadow\":\"on\",\"order\":\"0\",\"lazyload\":\"off\",\"lazybefore\":\"off\",\"scroller_effect\":\"off\",\"autowidth\":\"off\",\"item_spacing_tablet\":\"30\",\"item_spacing_phone\":\"30\",\"scroller_speed\":\"4000\",\"hashNavigation\":\"off\",\"simulatetouch\":\"off\",\"allowtouchmove\":\"off\"}'>\r\n\t\t\t\t\t\t\t \t<div class=\"swiper-container\">\r\n\t\t\t\t\t\t\t\t\t<div class=\"swiper-wrapper\"><\/div>\t\r\n\t\t\t\t\t\t\t\t<\/div>\t\r\n\t\t\t\t\t\t\t\t\r\n\t\t\t\t\t\t\t\t\t\t\t\t\t\t\r\n\t\t\t\t\t\t\t<\/div>\n\t\t\t\t<\/div>\n\t\t\t<\/div><\/p>\n","protected":false},"author":1,"featured_media":0,"parent":0,"menu_order":0,"comment_status":"closed","ping_status":"closed","template":"","meta":{"_et_pb_use_builder":"on","_et_pb_old_content":"","_et_gb_content_width":"","_improvement_type_select":"improve_an_existing","_thumb_yes_seoaic":false,"_frame_yes_seoaic":false,"seoaic_generate_description":"","seoaic_improve_instructions_prompt":"","seoaic_rollback_content_improvement":"","seoaic_idea_thumbnail_generator":"","thumbnail_generated":false,"thumbnail_generate_prompt":"","seoaic_article_description":"","inline_featured_image":false,"footnotes":""},"class_list":["post-5382","page","type-page","status-publish","hentry"],"yoast_head":"<!-- This site is optimized with the Yoast SEO plugin v27.0 - https:\/\/yoast.com\/product\/yoast-seo-wordpress\/ -->\n<title>Blog - cocon Kindertagesst\u00e4tten<\/title>\n<meta name=\"robots\" content=\"index, follow, max-snippet:-1, max-image-preview:large, max-video-preview:-1\" \/>\n<link rel=\"canonical\" href=\"https:\/\/www.cocon-kids.com\/en\/blog\/\" \/>\n<meta property=\"og:locale\" content=\"en_US\" \/>\n<meta property=\"og:type\" content=\"article\" \/>\n<meta property=\"og:title\" content=\"Blog - cocon Kindertagesst\u00e4tten\" \/>\n<meta property=\"og:description\" content=\"Time to readProfessional articles, stories and information.Welcome to the blog by cocon, the international premium kindergarten. Here you will find regular posts and articles about our houses, important information as well as interesting facts about children. Have fun browsing!!\" \/>\n<meta property=\"og:url\" content=\"https:\/\/www.cocon-kids.com\/en\/blog\/\" \/>\n<meta property=\"og:site_name\" content=\"cocon Kindertagesst\u00e4tten\" \/>\n<meta property=\"article:publisher\" content=\"https:\/\/www.facebook.com\/coconkita\/\" \/>\n<meta property=\"article:modified_time\" content=\"2025-05-21T18:21:55+00:00\" \/>\n<meta name=\"twitter:card\" content=\"summary_large_image\" \/>\n<meta name=\"twitter:label1\" content=\"Est. reading time\" \/>\n\t<meta name=\"twitter:data1\" content=\"9 minutes\" \/>\n<!-- \/ Yoast SEO plugin. -->","yoast_head_json":{"title":"Blog - cocon Kindertagesst\u00e4tten","robots":{"index":"index","follow":"follow","max-snippet":"max-snippet:-1","max-image-preview":"max-image-preview:large","max-video-preview":"max-video-preview:-1"},"canonical":"https:\/\/www.cocon-kids.com\/en\/blog\/","og_locale":"en_US","og_type":"article","og_title":"Blog - cocon Kindertagesst\u00e4tten","og_description":"Time to readProfessional articles, stories and information.Welcome to the blog by cocon, the international premium kindergarten. Here you will find regular posts and articles about our houses, important information as well as interesting facts about children. Have fun browsing!!","og_url":"https:\/\/www.cocon-kids.com\/en\/blog\/","og_site_name":"cocon Kindertagesst\u00e4tten","article_publisher":"https:\/\/www.facebook.com\/coconkita\/","article_modified_time":"2025-05-21T18:21:55+00:00","twitter_card":"summary_large_image","twitter_misc":{"Est. reading time":"9 minutes"},"schema":{"@context":"https:\/\/schema.org","@graph":[{"@type":"WebPage","@id":"https:\/\/www.cocon-kids.com\/en\/blog\/","url":"https:\/\/www.cocon-kids.com\/en\/blog\/","name":"Blog - cocon Kindertagesst\u00e4tten","isPartOf":{"@id":"https:\/\/www.cocon-kids.com\/en\/#website"},"datePublished":"2022-01-22T09:44:32+00:00","dateModified":"2025-05-21T18:21:55+00:00","breadcrumb":{"@id":"https:\/\/www.cocon-kids.com\/en\/blog\/#breadcrumb"},"inLanguage":"en-US","potentialAction":[{"@type":"ReadAction","target":["https:\/\/www.cocon-kids.com\/en\/blog\/"]}]},{"@type":"BreadcrumbList","@id":"https:\/\/www.cocon-kids.com\/en\/blog\/#breadcrumb","itemListElement":[{"@type":"ListItem","position":1,"name":"Startseite","item":"https:\/\/www.cocon-kids.com\/en\/"},{"@type":"ListItem","position":2,"name":"Blog"}]},{"@type":"WebSite","@id":"https:\/\/www.cocon-kids.com\/en\/#website","url":"https:\/\/www.cocon-kids.com\/en\/","name":"cocon Kindertagesst\u00e4tten","description":"Inhabergef\u00fchrte, bilinguale Kita in M\u00fcnchen - Bogenhausen und Waldtrudering","publisher":{"@id":"https:\/\/www.cocon-kids.com\/en\/#organization"},"potentialAction":[{"@type":"SearchAction","target":{"@type":"EntryPoint","urlTemplate":"https:\/\/www.cocon-kids.com\/en\/?s={search_term_string}"},"query-input":{"@type":"PropertyValueSpecification","valueRequired":true,"valueName":"search_term_string"}}],"inLanguage":"en-US"},{"@type":"Organization","@id":"https:\/\/www.cocon-kids.com\/en\/#organization","name":"cocon Kindertagesst\u00e4tten","url":"https:\/\/www.cocon-kids.com\/en\/","logo":{"@type":"ImageObject","inLanguage":"en-US","@id":"https:\/\/www.cocon-kids.com\/en\/#\/schema\/logo\/image\/","url":"https:\/\/www.cocon-kids.com\/wp-content\/uploads\/2022\/01\/Logo_quer_cocon-1.svg","contentUrl":"https:\/\/www.cocon-kids.com\/wp-content\/uploads\/2022\/01\/Logo_quer_cocon-1.svg","width":"1024","height":"1024","caption":"cocon Kindertagesst\u00e4tten"},"image":{"@id":"https:\/\/www.cocon-kids.com\/en\/#\/schema\/logo\/image\/"},"sameAs":["https:\/\/www.facebook.com\/coconkita\/"]}]}},"_links":{"self":[{"href":"https:\/\/www.cocon-kids.com\/en\/wp-json\/wp\/v2\/pages\/5382","targetHints":{"allow":["GET"]}}],"collection":[{"href":"https:\/\/www.cocon-kids.com\/en\/wp-json\/wp\/v2\/pages"}],"about":[{"href":"https:\/\/www.cocon-kids.com\/en\/wp-json\/wp\/v2\/types\/page"}],"author":[{"embeddable":true,"href":"https:\/\/www.cocon-kids.com\/en\/wp-json\/wp\/v2\/users\/1"}],"replies":[{"embeddable":true,"href":"https:\/\/www.cocon-kids.com\/en\/wp-json\/wp\/v2\/comments?post=5382"}],"version-history":[{"count":6,"href":"https:\/\/www.cocon-kids.com\/en\/wp-json\/wp\/v2\/pages\/5382\/revisions"}],"predecessor-version":[{"id":17180,"href":"https:\/\/www.cocon-kids.com\/en\/wp-json\/wp\/v2\/pages\/5382\/revisions\/17180"}],"wp:attachment":[{"href":"https:\/\/www.cocon-kids.com\/en\/wp-json\/wp\/v2\/media?parent=5382"}],"curies":[{"name":"wp","href":"https:\/\/api.w.org\/{rel}","templated":true}]}}